{"id":1406,"date":"2020-08-21T09:22:42","date_gmt":"2020-08-21T09:22:42","guid":{"rendered":"http:\/\/vpndynamics.com\/?page_id=1406"},"modified":"2025-08-28T15:33:35","modified_gmt":"2025-08-28T15:33:35","slug":"dynamics-losungen","status":"publish","type":"page","link":"https:\/\/vpndynamics.com\/de\/","title":{"rendered":"Home"},"content":{"rendered":"<p>[et_pb_section fb_built=&#8220;1&#8243; fullwidth=&#8220;on&#8220; _builder_version=&#8220;4.16&#8243; use_background_color_gradient=&#8220;on&#8220; background_image=&#8220;https:\/\/bouwsoftware365.be\/wp-content\/uploads\/2017\/07\/Surface3-Navision-2.jpg&#8220; parallax=&#8220;on&#8220; global_colors_info=&#8220;{}&#8220;][et_pb_fullwidth_slider _builder_version=&#8220;4.25.2&#8243; header_text_color=&#8220;#ffffff&#8220; body_text_color=&#8220;#ffffff&#8220; parallax=&#8220;on&#8220; custom_button=&#8220;on&#8220; button_text_color=&#8220;#ffffff&#8220; button_bg_color=&#8220;#2ea3f2&#8243; button_border_color=&#8220;#2ea3f2&#8243; custom_padding=&#8220;142px||153px|||&#8220; custom_padding_tablet=&#8220;|||&#8220; custom_padding_phone=&#8220;|||&#8220; box_shadow_style=&#8220;preset6&#8243; box_shadow_blur=&#8220;10px&#8220; box_shadow_color=&#8220;rgba(0,0,0,0.1)&#8220; remove_inner_shadow=&#8220;off&#8220; hide_content_on_mobile=&#8220;off&#8220; hide_cta_on_mobile=&#8220;off&#8220; show_inner_shadow=&#8220;on&#8220; button_letter_spacing_hover=&#8220;0&#8243; global_colors_info=&#8220;{}&#8220; button_text_size__hover_enabled=&#8220;off&#8220; button_text_size__hover=&#8220;null&#8220; button_one_text_size__hover_enabled=&#8220;off&#8220; button_one_text_size__hover=&#8220;null&#8220; button_two_text_size__hover_enabled=&#8220;off&#8220; button_two_text_size__hover=&#8220;null&#8220; button_text_color__hover_enabled=&#8220;off&#8220; button_text_color__hover=&#8220;null&#8220; button_one_text_color__hover_enabled=&#8220;off&#8220; button_one_text_color__hover=&#8220;null&#8220; button_two_text_color__hover_enabled=&#8220;off&#8220; button_two_text_color__hover=&#8220;null&#8220; button_border_width__hover_enabled=&#8220;off&#8220; button_border_width__hover=&#8220;null&#8220; button_one_border_width__hover_enabled=&#8220;off&#8220; button_one_border_width__hover=&#8220;null&#8220; button_two_border_width__hover_enabled=&#8220;off&#8220; button_two_border_width__hover=&#8220;null&#8220; button_border_color__hover_enabled=&#8220;off&#8220; button_border_color__hover=&#8220;null&#8220; button_one_border_color__hover_enabled=&#8220;off&#8220; button_one_border_color__hover=&#8220;null&#8220; button_two_border_color__hover_enabled=&#8220;off&#8220; button_two_border_color__hover=&#8220;null&#8220; button_border_radius__hover_enabled=&#8220;off&#8220; button_border_radius__hover=&#8220;null&#8220; button_one_border_radius__hover_enabled=&#8220;off&#8220; button_one_border_radius__hover=&#8220;null&#8220; button_two_border_radius__hover_enabled=&#8220;off&#8220; button_two_border_radius__hover=&#8220;null&#8220; button_letter_spacing__hover_enabled=&#8220;on&#8220; button_letter_spacing__hover=&#8220;0&#8243; button_one_letter_spacing__hover_enabled=&#8220;off&#8220; button_one_letter_spacing__hover=&#8220;null&#8220; button_two_letter_spacing__hover_enabled=&#8220;off&#8220; button_two_letter_spacing__hover=&#8220;null&#8220; button_bg_color__hover_enabled=&#8220;off&#8220; button_bg_color__hover=&#8220;null&#8220; button_one_bg_color__hover_enabled=&#8220;off&#8220; button_one_bg_color__hover=&#8220;null&#8220; button_two_bg_color__hover_enabled=&#8220;off&#8220; button_two_bg_color__hover=&#8220;null&#8220;][et_pb_slide button_text=&#8220;mehr entdecken&#8220; button_link=&#8220;https:\/\/offimac.com\/de\/&#8220; use_bg_overlay=&#8220;off&#8220; use_text_overlay=&#8220;off&#8220; _builder_version=&#8220;4.25.2&#8243; header_font=&#8220;||||&#8220; header_text_color=&#8220;#ffffff&#8220; body_font=&#8220;||||&#8220; background_image=&#8220;https:\/\/vpndynamics.com\/wp-content\/uploads\/2021\/09\/vpn-dynamics-home-page-picture.jpg&#8220; parallax=&#8220;on&#8220; parallax_method=&#8220;off&#8220; background_video_width=&#8220;1920&#8243; background_video_height=&#8220;638&#8243; custom_button=&#8220;on&#8220; button_bg_color=&#8220;#ea5f0b&#8220; button_border_color=&#8220;#FFFFFF&#8220; button_border_radius=&#8220;100px&#8220; button_icon_placement=&#8220;right&#8220; button_on_hover=&#8220;on&#8220; video_bg_width=&#8220;1920&#8243; video_bg_height=&#8220;638&#8243; global_colors_info=&#8220;{}&#8220; button_text_size__hover_enabled=&#8220;off&#8220; button_one_text_size__hover_enabled=&#8220;off&#8220; button_two_text_size__hover_enabled=&#8220;off&#8220; button_text_color__hover_enabled=&#8220;off&#8220; button_one_text_color__hover_enabled=&#8220;off&#8220; button_two_text_color__hover_enabled=&#8220;off&#8220; button_border_width__hover_enabled=&#8220;off&#8220; button_one_border_width__hover_enabled=&#8220;off&#8220; button_two_border_width__hover_enabled=&#8220;off&#8220; button_border_color__hover_enabled=&#8220;off&#8220; button_one_border_color__hover_enabled=&#8220;off&#8220; button_two_border_color__hover_enabled=&#8220;off&#8220; button_border_radius__hover_enabled=&#8220;off&#8220; button_one_border_radius__hover_enabled=&#8220;off&#8220; button_two_border_radius__hover_enabled=&#8220;off&#8220; button_letter_spacing__hover_enabled=&#8220;off&#8220; button_one_letter_spacing__hover_enabled=&#8220;off&#8220; button_two_letter_spacing__hover_enabled=&#8220;off&#8220; button_bg_color__hover_enabled=&#8220;off&#8220; button_one_bg_color__hover_enabled=&#8220;off&#8220; button_two_bg_color__hover_enabled=&#8220;off&#8220; sticky_transition=&#8220;on&#8220;]<\/p>\n<h1><span style=\"color: #ffffff;\"><strong>Dynamics-L\u00f6sungen, seit 1996<\/strong><\/span><\/h1>\n<p><span style=\"font-size: x-large;\">Seit 40 Jahren sind wir ein solider Softwarepartner.<\/span><\/p>\n<p>[\/et_pb_slide][\/et_pb_fullwidth_slider][\/et_pb_section][et_pb_section fb_built=&#8220;1&#8243; theme_builder_area=&#8220;post_content&#8220; _builder_version=&#8220;4.25.2&#8243; _module_preset=&#8220;default&#8220;][et_pb_row _builder_version=&#8220;4.25.2&#8243; _module_preset=&#8220;default&#8220; theme_builder_area=&#8220;post_content&#8220;][et_pb_column _builder_version=&#8220;4.25.2&#8243; _module_preset=&#8220;default&#8220; type=&#8220;4_4&#8243; theme_builder_area=&#8220;post_content&#8220;][et_pb_image src=&#8220;https:\/\/vpndynamics.com\/wp-content\/uploads\/2025\/08\/box-GER.png&#8220; _builder_version=&#8220;4.25.2&#8243; _module_preset=&#8220;default&#8220; theme_builder_area=&#8220;post_content&#8220; title_text=&#8220;box GER&#8220; align=&#8220;center&#8220; hover_enabled=&#8220;0&#8243; sticky_enabled=&#8220;0&#8243;][\/et_pb_image][\/et_pb_column][\/et_pb_row][\/et_pb_section]<\/p>\n","protected":false},"excerpt":{"rendered":"<p>Dynamics-L\u00f6sungen, seit 1996 Seit 40 Jahren sind wir ein solider Softwarepartner.<\/p>\n","protected":false},"author":1,"featured_media":0,"parent":0,"menu_order":0,"comment_status":"closed","ping_status":"closed","template":"","meta":{"_et_pb_use_builder":"on","_et_pb_old_content":"","_et_gb_content_width":"","footnotes":""},"yoast_head":"<!-- This site is optimized with the Yoast SEO plugin v22.9 - https:\/\/yoast.com\/wordpress\/plugins\/seo\/ -->\n<title>Dynamics L\u00f6sungen sind seit 24 Jahren unsere Spezialit\u00e4t<\/title>\n<meta name=\"description\" content=\"Dynamics-L\u00f6sungen? Das ist seit 1996 unsere Spezialit\u00e4t. Entdecken Sie hier unsere verticale Dynamics Software und L\u00f6sungen f\u00fcr Branchen.\" \/>\n<meta name=\"robots\" content=\"index, follow, max-snippet:-1, max-image-preview:large, max-video-preview:-1\" \/>\n<link rel=\"canonical\" href=\"https:\/\/vpndynamics.com\/de\/\" \/>\n<meta property=\"og:locale\" content=\"de_DE\" \/>\n<meta property=\"og:type\" content=\"article\" \/>\n<meta property=\"og:title\" content=\"Dynamics L\u00f6sungen sind seit 24 Jahren unsere Spezialit\u00e4t\" \/>\n<meta property=\"og:description\" content=\"Dynamics-L\u00f6sungen? Das ist seit 1996 unsere Spezialit\u00e4t. Entdecken Sie hier unsere verticale Dynamics Software und L\u00f6sungen f\u00fcr Branchen.\" \/>\n<meta property=\"og:url\" content=\"https:\/\/vpndynamics.com\/de\/\" \/>\n<meta property=\"og:site_name\" content=\"VPN Dynamics\" \/>\n<meta property=\"article:publisher\" content=\"https:\/\/facebook.com\/OFFIMAC\/\" \/>\n<meta property=\"article:modified_time\" content=\"2025-08-28T15:33:35+00:00\" \/>\n<meta name=\"twitter:card\" content=\"summary_large_image\" \/>\n<meta name=\"twitter:site\" content=\"@OffimacSmartICT\" \/>\n<meta name=\"twitter:label1\" content=\"Gesch\u00e4tzte Lesezeit\" \/>\n\t<meta name=\"twitter:data1\" content=\"4\u00a0Minuten\" \/>\n<script type=\"application\/ld+json\" class=\"yoast-schema-graph\">{\"@context\":\"https:\/\/schema.org\",\"@graph\":[{\"@type\":\"WebPage\",\"@id\":\"https:\/\/vpndynamics.com\/de\/\",\"url\":\"https:\/\/vpndynamics.com\/de\/\",\"name\":\"Dynamics L\u00f6sungen sind seit 24 Jahren unsere Spezialit\u00e4t\",\"isPartOf\":{\"@id\":\"https:\/\/vpndynamics.com\/#website\"},\"datePublished\":\"2020-08-21T09:22:42+00:00\",\"dateModified\":\"2025-08-28T15:33:35+00:00\",\"description\":\"Dynamics-L\u00f6sungen? Das ist seit 1996 unsere Spezialit\u00e4t. Entdecken Sie hier unsere verticale Dynamics Software und L\u00f6sungen f\u00fcr Branchen.\",\"breadcrumb\":{\"@id\":\"https:\/\/vpndynamics.com\/de\/#breadcrumb\"},\"inLanguage\":\"de\",\"potentialAction\":[{\"@type\":\"ReadAction\",\"target\":[\"https:\/\/vpndynamics.com\/de\/\"]}]},{\"@type\":\"BreadcrumbList\",\"@id\":\"https:\/\/vpndynamics.com\/de\/#breadcrumb\",\"itemListElement\":[{\"@type\":\"ListItem\",\"position\":1,\"name\":\"Home\",\"item\":\"https:\/\/vpndynamics.com\/de\/\"},{\"@type\":\"ListItem\",\"position\":2,\"name\":\"Home\"}]},{\"@type\":\"WebSite\",\"@id\":\"https:\/\/vpndynamics.com\/#website\",\"url\":\"https:\/\/vpndynamics.com\/\",\"name\":\"VPN Dynamics\",\"description\":\"Dynamics Business software solutions\",\"potentialAction\":[{\"@type\":\"SearchAction\",\"target\":{\"@type\":\"EntryPoint\",\"urlTemplate\":\"https:\/\/vpndynamics.com\/?s={search_term_string}\"},\"query-input\":\"required name=search_term_string\"}],\"inLanguage\":\"de\"}]}<\/script>\n<!-- \/ Yoast SEO plugin. -->","yoast_head_json":{"title":"Dynamics L\u00f6sungen sind seit 24 Jahren unsere Spezialit\u00e4t","description":"Dynamics-L\u00f6sungen? Das ist seit 1996 unsere Spezialit\u00e4t. Entdecken Sie hier unsere verticale Dynamics Software und L\u00f6sungen f\u00fcr Branchen.","robots":{"index":"index","follow":"follow","max-snippet":"max-snippet:-1","max-image-preview":"max-image-preview:large","max-video-preview":"max-video-preview:-1"},"canonical":"https:\/\/vpndynamics.com\/de\/","og_locale":"de_DE","og_type":"article","og_title":"Dynamics L\u00f6sungen sind seit 24 Jahren unsere Spezialit\u00e4t","og_description":"Dynamics-L\u00f6sungen? Das ist seit 1996 unsere Spezialit\u00e4t. Entdecken Sie hier unsere verticale Dynamics Software und L\u00f6sungen f\u00fcr Branchen.","og_url":"https:\/\/vpndynamics.com\/de\/","og_site_name":"VPN Dynamics","article_publisher":"https:\/\/facebook.com\/OFFIMAC\/","article_modified_time":"2025-08-28T15:33:35+00:00","twitter_card":"summary_large_image","twitter_site":"@OffimacSmartICT","twitter_misc":{"Gesch\u00e4tzte Lesezeit":"4\u00a0Minuten"},"schema":{"@context":"https:\/\/schema.org","@graph":[{"@type":"WebPage","@id":"https:\/\/vpndynamics.com\/de\/","url":"https:\/\/vpndynamics.com\/de\/","name":"Dynamics L\u00f6sungen sind seit 24 Jahren unsere Spezialit\u00e4t","isPartOf":{"@id":"https:\/\/vpndynamics.com\/#website"},"datePublished":"2020-08-21T09:22:42+00:00","dateModified":"2025-08-28T15:33:35+00:00","description":"Dynamics-L\u00f6sungen? Das ist seit 1996 unsere Spezialit\u00e4t. Entdecken Sie hier unsere verticale Dynamics Software und L\u00f6sungen f\u00fcr Branchen.","breadcrumb":{"@id":"https:\/\/vpndynamics.com\/de\/#breadcrumb"},"inLanguage":"de","potentialAction":[{"@type":"ReadAction","target":["https:\/\/vpndynamics.com\/de\/"]}]},{"@type":"BreadcrumbList","@id":"https:\/\/vpndynamics.com\/de\/#breadcrumb","itemListElement":[{"@type":"ListItem","position":1,"name":"Home","item":"https:\/\/vpndynamics.com\/de\/"},{"@type":"ListItem","position":2,"name":"Home"}]},{"@type":"WebSite","@id":"https:\/\/vpndynamics.com\/#website","url":"https:\/\/vpndynamics.com\/","name":"VPN Dynamics","description":"Dynamics Business software solutions","potentialAction":[{"@type":"SearchAction","target":{"@type":"EntryPoint","urlTemplate":"https:\/\/vpndynamics.com\/?s={search_term_string}"},"query-input":"required name=search_term_string"}],"inLanguage":"de"}]}},"_links":{"self":[{"href":"https:\/\/vpndynamics.com\/de\/wp-json\/wp\/v2\/pages\/1406"}],"collection":[{"href":"https:\/\/vpndynamics.com\/de\/wp-json\/wp\/v2\/pages"}],"about":[{"href":"https:\/\/vpndynamics.com\/de\/wp-json\/wp\/v2\/types\/page"}],"author":[{"embeddable":true,"href":"https:\/\/vpndynamics.com\/de\/wp-json\/wp\/v2\/users\/1"}],"replies":[{"embeddable":true,"href":"https:\/\/vpndynamics.com\/de\/wp-json\/wp\/v2\/comments?post=1406"}],"version-history":[{"count":21,"href":"https:\/\/vpndynamics.com\/de\/wp-json\/wp\/v2\/pages\/1406\/revisions"}],"predecessor-version":[{"id":2339,"href":"https:\/\/vpndynamics.com\/de\/wp-json\/wp\/v2\/pages\/1406\/revisions\/2339"}],"wp:attachment":[{"href":"https:\/\/vpndynamics.com\/de\/wp-json\/wp\/v2\/media?parent=1406"}],"curies":[{"name":"wp","href":"https:\/\/api.w.org\/{rel}","templated":true}]}}